{"id":2765,"date":"2026-01-15T17:13:50","date_gmt":"2026-01-15T17:13:50","guid":{"rendered":"https:\/\/mcg.com.ve\/staging\/6138\/?page_id=2765"},"modified":"2026-04-07T15:08:33","modified_gmt":"2026-04-07T15:08:33","slug":"lab-industry","status":"publish","type":"page","link":"https:\/\/mcg.com.ve\/staging\/6138\/lab-industry\/","title":{"rendered":"MCG LAB &#038; INDUSTRY"},"content":{"rendered":"\t\t<div data-elementor-type=\"wp-page\" data-elementor-id=\"2765\" class=\"elementor elementor-2765\">\n\t\t\t\t<div data-ka-cursor-size=\"1\" class=\"elementor-element elementor-element-bda164e e-grid e-con-full elementor-hidden-tablet elementor-hidden-mobile e-con e-parent\" data-id=\"bda164e\" data-element_type=\"container\" data-e-type=\"container\" data-settings=\"{&quot;kng_cursor_interaction&quot;:&quot;default&quot;,&quot;kng_cursor_magnetic&quot;:&quot;none&quot;,&quot;kng_cursor_size_multiplier&quot;:{&quot;unit&quot;:&quot;px&quot;,&quot;size&quot;:1,&quot;sizes&quot;:[]}}\">\n\t\t\t\t<div data-ka-cursor-size=\"1\" class=\"elementor-element elementor-element-a3d3cd6 elementor-widget elementor-widget-heading\" data-id=\"a3d3cd6\" data-element_type=\"widget\" data-e-type=\"widget\" data-settings=\"{&quot;kng_cursor_interaction&quot;:&quot;default&quot;,&quot;kng_cursor_magnetic&quot;:&quot;none&quot;,&quot;kng_cursor_size_multiplier&quot;:{&quot;unit&quot;:&quot;px&quot;,&quot;size&quot;:1,&quot;sizes&quot;:[]}}\" data-widget_type=\"heading.default\">\n\t\t\t\t\t<h2 class=\"elementor-heading-title elementor-size-default\">MCG Lab &amp; Industry<\/h2>\t\t\t\t<\/div>\n\t\t\t\t<div data-ka-cursor-size=\"1\" class=\"elementor-element elementor-element-255f476 elementor-widget__width-initial elementor-widget elementor-widget-text-editor\" data-id=\"255f476\" data-element_type=\"widget\" data-e-type=\"widget\" data-settings=\"{&quot;kng_cursor_interaction&quot;:&quot;default&quot;,&quot;kng_cursor_magnetic&quot;:&quot;none&quot;,&quot;kng_cursor_size_multiplier&quot;:{&quot;unit&quot;:&quot;px&quot;,&quot;size&quot;:1,&quot;sizes&quot;:[]}}\" data-widget_type=\"text-editor.default\">\n\t\t\t\t\t\t\t\t\t<p>Somos una divisi\u00f3n de <strong>MCG Group<\/strong>\u00a0dedicada a brindar soluciones y propuestas de equipamiento en las \u00e1reas de laboratorios cl\u00ednicos, de investigaci\u00f3n y de control de calidad en la industria qu\u00edmica, farmac\u00e9utica, cosm\u00e9tica y de alimentos en Venezuela.<\/p>\t\t\t\t\t\t\t\t<\/div>\n\t\t\t\t<\/div>\n\t\t<div data-ka-cursor-size=\"1\" class=\"elementor-element elementor-element-55681b4 e-grid e-con-full elementor-hidden-desktop elementor-hidden-mobile e-con e-parent\" data-id=\"55681b4\" data-element_type=\"container\" data-e-type=\"container\" data-settings=\"{&quot;kng_cursor_interaction&quot;:&quot;default&quot;,&quot;kng_cursor_magnetic&quot;:&quot;none&quot;,&quot;kng_cursor_size_multiplier&quot;:{&quot;unit&quot;:&quot;px&quot;,&quot;size&quot;:1,&quot;sizes&quot;:[]}}\">\n\t\t\t\t<div data-ka-cursor-size=\"1\" class=\"elementor-element elementor-element-2b11f6b elementor-widget elementor-widget-heading\" data-id=\"2b11f6b\" data-element_type=\"widget\" data-e-type=\"widget\" data-settings=\"{&quot;kng_cursor_interaction&quot;:&quot;default&quot;,&quot;kng_cursor_magnetic&quot;:&quot;none&quot;,&quot;kng_cursor_size_multiplier&quot;:{&quot;unit&quot;:&quot;px&quot;,&quot;size&quot;:1,&quot;sizes&quot;:[]}}\" data-widget_type=\"heading.default\">\n\t\t\t\t\t<h2 class=\"elementor-heading-title elementor-size-default\">MCG Lab &amp; Industry<\/h2>\t\t\t\t<\/div>\n\t\t\t\t<div data-ka-cursor-size=\"1\" class=\"elementor-element elementor-element-50570af elementor-widget__width-initial elementor-widget elementor-widget-text-editor\" data-id=\"50570af\" data-element_type=\"widget\" data-e-type=\"widget\" data-settings=\"{&quot;kng_cursor_interaction&quot;:&quot;default&quot;,&quot;kng_cursor_magnetic&quot;:&quot;none&quot;,&quot;kng_cursor_size_multiplier&quot;:{&quot;unit&quot;:&quot;px&quot;,&quot;size&quot;:1,&quot;sizes&quot;:[]}}\" data-widget_type=\"text-editor.default\">\n\t\t\t\t\t\t\t\t\t<p>Somos una divisi\u00f3n de <strong>MCG Group<\/strong>\u00a0dedicada a brindar soluciones y propuestas de equipamiento en las \u00e1reas de laboratorios cl\u00ednicos, de investigaci\u00f3n y de control de calidad en la industria qu\u00edmica, farmac\u00e9utica, cosm\u00e9tica y de alimentos en Venezuela.<\/p>\t\t\t\t\t\t\t\t<\/div>\n\t\t\t\t<\/div>\n\t\t<div data-ka-cursor-size=\"1\" class=\"elementor-element elementor-element-f2e7ae8 e-grid e-con-full elementor-hidden-desktop elementor-hidden-tablet e-con e-parent\" data-id=\"f2e7ae8\" data-element_type=\"container\" data-e-type=\"container\" data-settings=\"{&quot;kng_cursor_interaction&quot;:&quot;default&quot;,&quot;kng_cursor_magnetic&quot;:&quot;none&quot;,&quot;kng_cursor_size_multiplier&quot;:{&quot;unit&quot;:&quot;px&quot;,&quot;size&quot;:1,&quot;sizes&quot;:[]}}\">\n\t\t\t\t<div data-ka-cursor-size=\"1\" class=\"elementor-element elementor-element-238478a elementor-widget elementor-widget-heading\" data-id=\"238478a\" data-element_type=\"widget\" data-e-type=\"widget\" data-settings=\"{&quot;kng_cursor_interaction&quot;:&quot;default&quot;,&quot;kng_cursor_magnetic&quot;:&quot;none&quot;,&quot;kng_cursor_size_multiplier&quot;:{&quot;unit&quot;:&quot;px&quot;,&quot;size&quot;:1,&quot;sizes&quot;:[]}}\" data-widget_type=\"heading.default\">\n\t\t\t\t\t<h2 class=\"elementor-heading-title elementor-size-default\">MCG Lab &amp; Industry<\/h2>\t\t\t\t<\/div>\n\t\t\t\t<div data-ka-cursor-size=\"1\" class=\"elementor-element elementor-element-1ae3e9d elementor-widget elementor-widget-text-editor\" data-id=\"1ae3e9d\" data-element_type=\"widget\" data-e-type=\"widget\" data-settings=\"{&quot;kng_cursor_interaction&quot;:&quot;default&quot;,&quot;kng_cursor_magnetic&quot;:&quot;none&quot;,&quot;kng_cursor_size_multiplier&quot;:{&quot;unit&quot;:&quot;px&quot;,&quot;size&quot;:1,&quot;sizes&quot;:[]}}\" data-widget_type=\"text-editor.default\">\n\t\t\t\t\t\t\t\t\t<p>Somos una divisi\u00f3n de <strong>MCG Group<\/strong>\u00a0 dedicada a brindar soluciones y propuestas de equipamiento en las \u00e1reas de laboratorios cl\u00ednicos, de investigaci\u00f3n y de control de calidad en la industria qu\u00edmica, farmac\u00e9utica, cosm\u00e9tica y de alimentos en Venezuela.<\/p>\t\t\t\t\t\t\t\t<\/div>\n\t\t\t\t<\/div>\n\t\t<div data-ka-cursor-size=\"1\" class=\"elementor-element elementor-element-28ca702 e-flex e-con-boxed e-con e-parent\" data-id=\"28ca702\" data-element_type=\"container\" data-e-type=\"container\" data-settings=\"{&quot;kng_cursor_interaction&quot;:&quot;default&quot;,&quot;kng_cursor_magnetic&quot;:&quot;none&quot;,&quot;kng_cursor_size_multiplier&quot;:{&quot;unit&quot;:&quot;px&quot;,&quot;size&quot;:1,&quot;sizes&quot;:[]}}\">\n\t\t\t\t\t<div class=\"e-con-inner\">\n\t\t\t\t<div data-ka-cursor-size=\"1\" class=\"elementor-element elementor-element-f552d32 elementor-widget-divider--view-line elementor-widget elementor-widget-divider\" data-id=\"f552d32\" data-element_type=\"widget\" data-e-type=\"widget\" data-settings=\"{&quot;kng_cursor_interaction&quot;:&quot;default&quot;,&quot;kng_cursor_magnetic&quot;:&quot;none&quot;,&quot;kng_cursor_size_multiplier&quot;:{&quot;unit&quot;:&quot;px&quot;,&quot;size&quot;:1,&quot;sizes&quot;:[]}}\" data-widget_type=\"divider.default\">\n\t\t\t\t\t\t\t<div class=\"elementor-divider\">\n\t\t\t<span class=\"elementor-divider-separator\">\n\t\t\t\t\t\t<\/span>\n\t\t<\/div>\n\t\t\t\t\t\t<\/div>\n\t\t\t\t\t<\/div>\n\t\t\t\t<\/div>\n\t\t<div data-ka-cursor-size=\"1\" class=\"elementor-element elementor-element-d1898e0 e-con-full e-flex e-con e-parent\" data-id=\"d1898e0\" data-element_type=\"container\" data-e-type=\"container\" data-settings=\"{&quot;kng_cursor_interaction&quot;:&quot;default&quot;,&quot;kng_cursor_magnetic&quot;:&quot;none&quot;,&quot;kng_cursor_size_multiplier&quot;:{&quot;unit&quot;:&quot;px&quot;,&quot;size&quot;:1,&quot;sizes&quot;:[]}}\">\n\t\t\t\t<div data-ka-cursor-size=\"1\" class=\"elementor-element elementor-element-01f3884 king-addons-card-grid--text-align-center king-addons-card-grid--button-align-center elementor-widget__width-initial elementor-widget-mobile__width-initial king-addons-card-grid--button-text-align-center elementor-widget elementor-widget-king-addons-quick-card-grid\" data-id=\"01f3884\" data-element_type=\"widget\" data-e-type=\"widget\" data-settings=\"{&quot;kng_cursor_interaction&quot;:&quot;default&quot;,&quot;kng_cursor_magnetic&quot;:&quot;none&quot;,&quot;kng_cursor_size_multiplier&quot;:{&quot;unit&quot;:&quot;px&quot;,&quot;size&quot;:1,&quot;sizes&quot;:[]}}\" data-widget_type=\"king-addons-quick-card-grid.default\">\n\t\t\t\t<div class=\"elementor-widget-container\">\n\t\t\t\t\t        <div class=\"king-addons-card-grid king-addons-card-grid--text-align-center king-addons-card-grid--button-align-center king-addons-card-grid--button-text-align-center\" style=\"--kng-card-grid-gap:0px;\">\n            <div class=\"king-addons-card-grid__grid\">\n                                            <div class=\"king-addons-card-grid__item\">\n            <article class=\"king-addons-card-grid__card\" data-card-link=\"https:\/\/mcg.com.ve\/staging\/6138\/salud-equipos\/\">\n                                    <div class=\"king-addons-card-grid__media\">\n                        <img decoding=\"async\" src=\"https:\/\/mcg.com.ve\/staging\/6138\/wp-content\/uploads\/2026\/01\/banner-laboratorio-1-e1770833033975.webp\" title=\"banner-laboratorio-1.webp\" alt=\"banner-laboratorio-1.webp\" loading=\"lazy\" \/>                    <\/div>\n                \n                <div class=\"king-addons-card-grid__body\">\n                                            <h3 class=\"king-addons-card-grid__title\">Salud<\/h3>\n                                                                                            <a class=\"king-addons-card-grid__button\" href=\"https:\/\/mcg.com.ve\/staging\/6138\/salud-equipos\/\">\n            Ver equipos        <\/a>\n                                            <\/div>\n            <\/article>\n        <\/div>\n                                                    <div class=\"king-addons-card-grid__item\">\n            <article class=\"king-addons-card-grid__card\" data-card-link=\"https:\/\/mcg.com.ve\/staging\/6138\/industria-equipos\/\">\n                                    <div class=\"king-addons-card-grid__media\">\n                        <img decoding=\"async\" src=\"https:\/\/mcg.com.ve\/staging\/6138\/wp-content\/uploads\/2026\/01\/banner-industria-nuevo-e1770833179140.webp\" title=\"banner industria nuevo\" alt=\"banner industria nuevo\" loading=\"lazy\" \/>                    <\/div>\n                \n                <div class=\"king-addons-card-grid__body\">\n                                            <h3 class=\"king-addons-card-grid__title\">Industria<\/h3>\n                                                                                            <a class=\"king-addons-card-grid__button\" href=\"https:\/\/mcg.com.ve\/staging\/6138\/industria-equipos\/\">\n            Ver equipos        <\/a>\n                                            <\/div>\n            <\/article>\n        <\/div>\n                                    <\/div>\n        <\/div>\n        \t\t\t\t<\/div>\n\t\t\t\t<\/div>\n\t\t\t\t<\/div>\n\t\t<div data-ka-cursor-size=\"1\" class=\"elementor-element elementor-element-9d1f197 elementor-hidden-desktop elementor-hidden-mobile e-flex e-con-boxed e-con e-parent\" data-id=\"9d1f197\" data-element_type=\"container\" data-e-type=\"container\" data-settings=\"{&quot;kng_cursor_interaction&quot;:&quot;default&quot;,&quot;kng_cursor_magnetic&quot;:&quot;none&quot;,&quot;kng_cursor_size_multiplier&quot;:{&quot;unit&quot;:&quot;px&quot;,&quot;size&quot;:1,&quot;sizes&quot;:[]}}\">\n\t\t\t\t\t<div class=\"e-con-inner\">\n\t\t\t\t<div data-ka-cursor-size=\"1\" class=\"elementor-element elementor-element-9793e7d elementor-widget-divider--view-line elementor-widget elementor-widget-divider\" data-id=\"9793e7d\" data-element_type=\"widget\" data-e-type=\"widget\" data-settings=\"{&quot;kng_cursor_interaction&quot;:&quot;default&quot;,&quot;kng_cursor_magnetic&quot;:&quot;none&quot;,&quot;kng_cursor_size_multiplier&quot;:{&quot;unit&quot;:&quot;px&quot;,&quot;size&quot;:1,&quot;sizes&quot;:[]}}\" data-widget_type=\"divider.default\">\n\t\t\t\t\t\t\t<div class=\"elementor-divider\">\n\t\t\t<span class=\"elementor-divider-separator\">\n\t\t\t\t\t\t<\/span>\n\t\t<\/div>\n\t\t\t\t\t\t<\/div>\n\t\t\t\t\t<\/div>\n\t\t\t\t<\/div>\n\t\t<div data-ka-cursor-size=\"1\" class=\"elementor-element elementor-element-7c36d2b elementor-hidden-desktop elementor-hidden-mobile e-flex e-con-boxed e-con e-parent\" data-id=\"7c36d2b\" data-element_type=\"container\" data-e-type=\"container\" data-settings=\"{&quot;kng_cursor_interaction&quot;:&quot;default&quot;,&quot;kng_cursor_magnetic&quot;:&quot;none&quot;,&quot;kng_cursor_size_multiplier&quot;:{&quot;unit&quot;:&quot;px&quot;,&quot;size&quot;:1,&quot;sizes&quot;:[]}}\">\n\t\t\t\t\t<div class=\"e-con-inner\">\n\t\t\t\t<div data-ka-cursor-size=\"1\" class=\"elementor-element elementor-element-6b33474 elementor-widget-divider--view-line elementor-widget elementor-widget-divider\" data-id=\"6b33474\" data-element_type=\"widget\" data-e-type=\"widget\" data-settings=\"{&quot;kng_cursor_interaction&quot;:&quot;default&quot;,&quot;kng_cursor_magnetic&quot;:&quot;none&quot;,&quot;kng_cursor_size_multiplier&quot;:{&quot;unit&quot;:&quot;px&quot;,&quot;size&quot;:1,&quot;sizes&quot;:[]}}\" data-widget_type=\"divider.default\">\n\t\t\t\t\t\t\t<div class=\"elementor-divider\">\n\t\t\t<span class=\"elementor-divider-separator\">\n\t\t\t\t\t\t<\/span>\n\t\t<\/div>\n\t\t\t\t\t\t<\/div>\n\t\t\t\t\t<\/div>\n\t\t\t\t<\/div>\n\t\t\t\t<\/div>\n\t\t","protected":false},"excerpt":{"rendered":"<p>MCG Lab &amp; Industry Somos una divisi\u00f3n de MCG Group\u00a0dedicada a brindar soluciones y propuestas de equipamiento en las \u00e1reas de laboratorios cl\u00ednicos, de investigaci\u00f3n y de control de calidad en la industria qu\u00edmica, farmac\u00e9utica, cosm\u00e9tica y de alimentos en Venezuela. MCG Lab &amp; Industry Somos una divisi\u00f3n de MCG Group\u00a0dedicada a brindar soluciones y [&hellip;]<\/p>\n","protected":false},"author":1,"featured_media":0,"parent":0,"menu_order":0,"comment_status":"closed","ping_status":"closed","template":"","meta":{"nf_dc_page":"","_eb_attr":"","footnotes":""},"class_list":["post-2765","page","type-page","status-publish","hentry"],"_links":{"self":[{"href":"https:\/\/mcg.com.ve\/staging\/6138\/wp-json\/wp\/v2\/pages\/2765","targetHints":{"allow":["GET"]}}],"collection":[{"href":"https:\/\/mcg.com.ve\/staging\/6138\/wp-json\/wp\/v2\/pages"}],"about":[{"href":"https:\/\/mcg.com.ve\/staging\/6138\/wp-json\/wp\/v2\/types\/page"}],"author":[{"embeddable":true,"href":"https:\/\/mcg.com.ve\/staging\/6138\/wp-json\/wp\/v2\/users\/1"}],"replies":[{"embeddable":true,"href":"https:\/\/mcg.com.ve\/staging\/6138\/wp-json\/wp\/v2\/comments?post=2765"}],"version-history":[{"count":0,"href":"https:\/\/mcg.com.ve\/staging\/6138\/wp-json\/wp\/v2\/pages\/2765\/revisions"}],"wp:attachment":[{"href":"https:\/\/mcg.com.ve\/staging\/6138\/wp-json\/wp\/v2\/media?parent=2765"}],"curies":[{"name":"wp","href":"https:\/\/api.w.org\/{rel}","templated":true}]}}