{"id":6255,"date":"2026-03-06T14:26:22","date_gmt":"2026-03-06T14:26:22","guid":{"rendered":"https:\/\/mcg.com.ve\/staging\/6138\/?page_id=6255"},"modified":"2026-04-07T17:11:13","modified_gmt":"2026-04-07T17:11:13","slug":"arco-en-c-2","status":"publish","type":"page","link":"https:\/\/mcg.com.ve\/staging\/6138\/arco-en-c-2\/","title":{"rendered":"ARCO EN C"},"content":{"rendered":"\t\t<div data-elementor-type=\"wp-page\" data-elementor-id=\"6255\" class=\"elementor elementor-6255\">\n\t\t\t\t<div data-ka-cursor-size=\"1\" class=\"elementor-element elementor-element-229193f e-flex e-con-boxed e-con e-parent\" data-id=\"229193f\" data-element_type=\"container\" data-e-type=\"container\" data-settings=\"{&quot;kng_cursor_interaction&quot;:&quot;default&quot;,&quot;kng_cursor_magnetic&quot;:&quot;none&quot;,&quot;kng_cursor_size_multiplier&quot;:{&quot;unit&quot;:&quot;px&quot;,&quot;size&quot;:1,&quot;sizes&quot;:[]}}\">\n\t\t\t\t\t<div class=\"e-con-inner\">\n\t\t\t\t<div data-ka-cursor-size=\"1\" class=\"elementor-element elementor-element-8eca5ff eael-product-gallery-column-mobile-3 eael-product-gallery-column-tablet-3 eael-product-gallery-column-3 elementor-widget elementor-widget-eael-woo-product-gallery\" data-id=\"8eca5ff\" data-element_type=\"widget\" data-e-type=\"widget\" id=\"sube21\" data-settings=\"{&quot;eael_product_gallery_column_mobile&quot;:&quot;3&quot;,&quot;eael_product_gallery_column_tablet&quot;:&quot;3&quot;,&quot;eael_product_gallery_column&quot;:&quot;3&quot;,&quot;kng_cursor_interaction&quot;:&quot;default&quot;,&quot;kng_cursor_magnetic&quot;:&quot;none&quot;,&quot;kng_cursor_size_multiplier&quot;:{&quot;unit&quot;:&quot;px&quot;,&quot;size&quot;:1,&quot;sizes&quot;:[]}}\" data-widget_type=\"eael-woo-product-gallery.default\">\n\t\t\t\t\t\n        <div class=\"eael-product-gallery eael-product-preset-2 grid eael-terms-layout-horizontal\" id=\"eael-product-gallery\" data-widget-id=\"8eca5ff\" data-page-id=\"6255\" data-nonce=\"00c5b6fecd\" >\n\t\t\t<ul class=\"eael-cat-tab\" data-layout=\"grid\" data-template=\"{&quot;dir&quot;:&quot;lite&quot;,&quot;file_name&quot;:&quot;preset-2.php&quot;,&quot;name&quot;:&quot;Woo-Product-Gallery&quot;}\" data-nonce=\"00c5b6fecd\" data-page-id=\"6255\" data-widget-id=\"8eca5ff\" data-widget=\"8eca5ff\" data-class=\"Essential_Addons_Elementor\\Elements\\Woo_Product_Gallery\" data-args=\"post_type=product&amp;post_status%5B0%5D=publish&amp;post_status%5B1%5D=pending&amp;post_status%5B2%5D=future&amp;posts_per_page=10&amp;order=asc&amp;offset=0&amp;tax_query%5Brelation%5D=AND&amp;tax_query%5B0%5D%5Btaxonomy%5D=product_visibility&amp;tax_query%5B0%5D%5Bfield%5D=name&amp;tax_query%5B0%5D%5Bterms%5D%5B0%5D=exclude-from-search&amp;tax_query%5B0%5D%5Bterms%5D%5B1%5D=exclude-from-catalog&amp;tax_query%5B0%5D%5Boperator%5D=NOT+IN&amp;tax_query%5B1%5D%5Brelation%5D=OR&amp;tax_query%5B1%5D%5B0%5D%5Btaxonomy%5D=product_cat&amp;tax_query%5B1%5D%5B0%5D%5Bfield%5D=term_id&amp;tax_query%5B1%5D%5B0%5D%5Bterms%5D=51&amp;tax_query%5B1%5D%5B0%5D%5Boperator%5D=IN&amp;orderby=title&amp;meta_query%5Brelation%5D=AND\" data-page=\"1\"><li><a href=\"javascript:;\" data-page=\"1\" data-taxonomy=\"product_cat\" data-terms='[\"arco-en-c\"]' data-id=\"51\" class=\"post-list-filter-item \">ARCO EN C<\/a><\/li><li><a href=\"javascript:;\" data-page=\"1\" data-taxonomy=\"product_cat\" data-terms='[\"angiografia\"]' data-id=\"56\" class=\"post-list-filter-item \">ANGI\u00d3GRAFO<\/a><\/li><li><a href=\"javascript:;\" data-page=\"1\" data-taxonomy=\"product_cat\" data-terms='[\"resonancia\"]' data-id=\"55\" class=\"post-list-filter-item \">RESONADOR<\/a><\/li><li><a href=\"javascript:;\" data-page=\"1\" data-taxonomy=\"product_cat\" data-terms='[\"tomografia\"]' data-id=\"54\" class=\"post-list-filter-item \">TOM\u00d3GRAFO<\/a><\/li><li><a href=\"javascript:;\" data-page=\"1\" data-taxonomy=\"product_cat\" data-terms='[\"mamografia\"]' data-id=\"53\" class=\"post-list-filter-item \">MAM\u00d3GRAFO<\/a><\/li><li><a href=\"javascript:;\" data-page=\"1\" data-taxonomy=\"product_cat\" data-terms='[\"inyector\"]' data-id=\"52\" class=\"post-list-filter-item \">INYECTOR<\/a><\/li><li><a href=\"javascript:;\" data-page=\"1\" data-taxonomy=\"product_cat\" data-terms='[\"rayos-x-moviles\"]' data-id=\"89\" class=\"post-list-filter-item \">RAYOS X<\/a><\/li><li><a href=\"javascript:;\" data-page=\"1\" data-taxonomy=\"product_cat\" data-terms='[\"ultrasonido\"]' data-id=\"49\" class=\"post-list-filter-item \">ULTRASONIDO<\/a><\/li><li><a href=\"javascript:;\" data-page=\"1\" data-taxonomy=\"product_cat\" data-terms='[\"detector-flat-panel\"]' data-id=\"48\" class=\"post-list-filter-item \">DETECTOR FLAT PANEL<\/a><\/li><li><a href=\"javascript:;\" data-page=\"1\" data-taxonomy=\"product_cat\" data-terms='[\"densitometro\"]' data-id=\"47\" class=\"post-list-filter-item \">DENSIT\u00d3METRO<\/a><\/li><li><a href=\"javascript:;\" data-page=\"1\" data-taxonomy=\"product_cat\" data-terms='[\"odontologia\"]' data-id=\"46\" class=\"post-list-filter-item \">ODONTOLOG\u00cdA<\/a><\/li><li><a href=\"javascript:;\" data-page=\"1\" data-taxonomy=\"product_cat\" data-terms='[\"monitor-grado-medico\"]' data-id=\"90\" class=\"post-list-filter-item \">MONITOR GRADO M\u00c9DICO<\/a><\/li><\/ul>\n            <div class=\"woocommerce\">\n\t\t\t\t<ul class=\"products eael-post-appender eael-post-appender-8eca5ff\" data-layout-mode=\"grid\" data-ssi-desktop=\"no\" ><li class=\"product  post-5285 type-product status-publish has-post-thumbnail product_cat-arco-en-c product_cat-diagnostico-por-imagenes first instock shipping-taxable product-type-simple\">\n        <div class=\"eael-product-wrap\" data-src=\"\" data-src-hover=\"\" >\n                <div class=\"product-image-wrap\">\n            <div class=\"image-wrap\">\n                <a href=\"https:\/\/mcg.com.ve\/staging\/6138\/producto\/arco-en-c-digital-directo-xplus-35fd-gemss-healthcare\/\" class=\"woocommerce-LoopProduct-link woocommerce-loop-product__link\"><img loading=\"lazy\" decoding=\"async\" loading=\"lazy\" width=\"800\" height=\"800\" src=\"https:\/\/mcg.com.ve\/staging\/6138\/wp-content\/uploads\/2026\/02\/X-PLUS-35FD.webp\" class=\"attachment-full size-full\" alt=\"Arco en C Digital Directo XPLUS 35FD - Gemss Healthcare\" loading=\"eager\" srcset=\"https:\/\/mcg.com.ve\/staging\/6138\/wp-content\/uploads\/2026\/02\/X-PLUS-35FD.webp 800w, https:\/\/mcg.com.ve\/staging\/6138\/wp-content\/uploads\/2026\/02\/X-PLUS-35FD-300x300.webp 300w, https:\/\/mcg.com.ve\/staging\/6138\/wp-content\/uploads\/2026\/02\/X-PLUS-35FD-150x150.webp 150w, https:\/\/mcg.com.ve\/staging\/6138\/wp-content\/uploads\/2026\/02\/X-PLUS-35FD-768x768.webp 768w, https:\/\/mcg.com.ve\/staging\/6138\/wp-content\/uploads\/2026\/02\/X-PLUS-35FD-600x600.webp 600w, https:\/\/mcg.com.ve\/staging\/6138\/wp-content\/uploads\/2026\/02\/X-PLUS-35FD-100x100.webp 100w\" sizes=\"auto, (max-width: 800px) 100vw, 800px\" \/><\/a>            <\/div>\n            <div class=\"image-hover-wrap\">\n                <ul class=\"icons-wrap block-box-style\">\n                                                                <li class=\"eael-product-quick-view\">\n                            <a id=\"eael_quick_view_69ea4fb38b9ae\" data-quickview-setting=\"{&quot;widget_id&quot;:&quot;8eca5ff&quot;,&quot;product_id&quot;:5285,&quot;page_id&quot;:6255}\"\n                                class=\"eael-product-gallery-open-popup open-popup-link\">\n                                <i class=\"fas fa-eye\"><\/i>\n                            <\/a>\n                        <\/li>\n                                                        <\/ul>\n            <\/div>\n        <\/div>\n        <div class=\"product-details-wrap\">\n            <div class=\"eael-product-price\"><\/div>            <div class=\"eael-product-title\">\n                <h2>Arco en C Digital Directo XPLUS 35FD - Gemss Healthcare<\/h2>            <\/div>\n        <\/div>\n            <\/div>\n<\/li><li class=\"product  post-5288 type-product status-publish has-post-thumbnail product_cat-arco-en-c product_cat-diagnostico-por-imagenes instock shipping-taxable product-type-simple\">\n        <div class=\"eael-product-wrap\" data-src=\"\" data-src-hover=\"\" >\n                <div class=\"product-image-wrap\">\n            <div class=\"image-wrap\">\n                <a href=\"https:\/\/mcg.com.ve\/staging\/6138\/producto\/arco-en-c-version-intensificador-propositos-cardiacos-spinel-3g-gemss-healthcare\/\" class=\"woocommerce-LoopProduct-link woocommerce-loop-product__link\"><img loading=\"lazy\" decoding=\"async\" loading=\"lazy\" width=\"800\" height=\"800\" src=\"https:\/\/mcg.com.ve\/staging\/6138\/wp-content\/uploads\/2026\/02\/SPINEL-3G-GEMSS.webp\" class=\"attachment-full size-full\" alt=\"Arco en C Versi\u00f3n Intensificador prop\u00f3sitos Card\u00edacos SPINEL 3G - Gemss Healthcare\" loading=\"eager\" srcset=\"https:\/\/mcg.com.ve\/staging\/6138\/wp-content\/uploads\/2026\/02\/SPINEL-3G-GEMSS.webp 800w, https:\/\/mcg.com.ve\/staging\/6138\/wp-content\/uploads\/2026\/02\/SPINEL-3G-GEMSS-300x300.webp 300w, https:\/\/mcg.com.ve\/staging\/6138\/wp-content\/uploads\/2026\/02\/SPINEL-3G-GEMSS-150x150.webp 150w, https:\/\/mcg.com.ve\/staging\/6138\/wp-content\/uploads\/2026\/02\/SPINEL-3G-GEMSS-768x768.webp 768w, https:\/\/mcg.com.ve\/staging\/6138\/wp-content\/uploads\/2026\/02\/SPINEL-3G-GEMSS-600x600.webp 600w, https:\/\/mcg.com.ve\/staging\/6138\/wp-content\/uploads\/2026\/02\/SPINEL-3G-GEMSS-100x100.webp 100w\" sizes=\"auto, (max-width: 800px) 100vw, 800px\" \/><\/a>            <\/div>\n            <div class=\"image-hover-wrap\">\n                <ul class=\"icons-wrap block-box-style\">\n                                                                <li class=\"eael-product-quick-view\">\n                            <a id=\"eael_quick_view_69ea4fb38ea45\" data-quickview-setting=\"{&quot;widget_id&quot;:&quot;8eca5ff&quot;,&quot;product_id&quot;:5288,&quot;page_id&quot;:6255}\"\n                                class=\"eael-product-gallery-open-popup open-popup-link\">\n                                <i class=\"fas fa-eye\"><\/i>\n                            <\/a>\n                        <\/li>\n                                                        <\/ul>\n            <\/div>\n        <\/div>\n        <div class=\"product-details-wrap\">\n            <div class=\"eael-product-price\"><\/div>            <div class=\"eael-product-title\">\n                <h2>Arco en C Versi\u00f3n Intensificador prop\u00f3sitos Card\u00edacos SPINEL 3G - Gemss Healthcare<\/h2>            <\/div>\n        <\/div>\n            <\/div>\n<\/li><li class=\"product  post-5282 type-product status-publish has-post-thumbnail product_cat-arco-en-c product_cat-diagnostico-por-imagenes instock shipping-taxable product-type-simple\">\n        <div class=\"eael-product-wrap\" data-src=\"\" data-src-hover=\"\" >\n                <div class=\"product-image-wrap\">\n            <div class=\"image-wrap\">\n                <a href=\"https:\/\/mcg.com.ve\/staging\/6138\/producto\/arco-en-c-version-intensificador-xplus35-gemss-healthcare\/\" class=\"woocommerce-LoopProduct-link woocommerce-loop-product__link\"><img loading=\"lazy\" decoding=\"async\" loading=\"lazy\" width=\"800\" height=\"800\" src=\"https:\/\/mcg.com.ve\/staging\/6138\/wp-content\/uploads\/2026\/02\/X-PLUS-35.webp\" class=\"attachment-full size-full\" alt=\"Arco en C Versi\u00f3n Intensificador XPLUS35 - Gemss Healthcare\" loading=\"eager\" srcset=\"https:\/\/mcg.com.ve\/staging\/6138\/wp-content\/uploads\/2026\/02\/X-PLUS-35.webp 800w, https:\/\/mcg.com.ve\/staging\/6138\/wp-content\/uploads\/2026\/02\/X-PLUS-35-300x300.webp 300w, https:\/\/mcg.com.ve\/staging\/6138\/wp-content\/uploads\/2026\/02\/X-PLUS-35-150x150.webp 150w, https:\/\/mcg.com.ve\/staging\/6138\/wp-content\/uploads\/2026\/02\/X-PLUS-35-768x768.webp 768w, https:\/\/mcg.com.ve\/staging\/6138\/wp-content\/uploads\/2026\/02\/X-PLUS-35-600x600.webp 600w, https:\/\/mcg.com.ve\/staging\/6138\/wp-content\/uploads\/2026\/02\/X-PLUS-35-100x100.webp 100w\" sizes=\"auto, (max-width: 800px) 100vw, 800px\" \/><\/a>            <\/div>\n            <div class=\"image-hover-wrap\">\n                <ul class=\"icons-wrap block-box-style\">\n                                                                <li class=\"eael-product-quick-view\">\n                            <a id=\"eael_quick_view_69ea4fb390225\" data-quickview-setting=\"{&quot;widget_id&quot;:&quot;8eca5ff&quot;,&quot;product_id&quot;:5282,&quot;page_id&quot;:6255}\"\n                                class=\"eael-product-gallery-open-popup open-popup-link\">\n                                <i class=\"fas fa-eye\"><\/i>\n                            <\/a>\n                        <\/li>\n                                                        <\/ul>\n            <\/div>\n        <\/div>\n        <div class=\"product-details-wrap\">\n            <div class=\"eael-product-price\"><\/div>            <div class=\"eael-product-title\">\n                <h2>Arco en C Versi\u00f3n Intensificador XPLUS35 - Gemss Healthcare<\/h2>            <\/div>\n        <\/div>\n            <\/div>\n<\/li><\/ul>            <div class=\"eael-load-more-button-wrap\">\n                <button class=\"hide-load-more eael-load-more-button\" id=\"eael-load-more-btn-8eca5ff\" data-widget-id=\"8eca5ff\" data-widget=\"8eca5ff\" data-page-id=\"6255\" data-template=\"{&quot;dir&quot;:&quot;lite&quot;,&quot;file_name&quot;:&quot;preset-2.php&quot;,&quot;name&quot;:&quot;Woo-Product-Gallery&quot;}\" data-class=\"Essential_Addons_Elementor\\Elements\\Woo_Product_Gallery\" data-layout=\"grid\" data-page=\"1\" data-args=\"post_type=product&amp;post_status%5B0%5D=publish&amp;post_status%5B1%5D=pending&amp;post_status%5B2%5D=future&amp;posts_per_page=10&amp;order=asc&amp;offset=0&amp;tax_query%5Brelation%5D=AND&amp;tax_query%5B0%5D%5Btaxonomy%5D=product_visibility&amp;tax_query%5B0%5D%5Bfield%5D=name&amp;tax_query%5B0%5D%5Bterms%5D%5B0%5D=exclude-from-search&amp;tax_query%5B0%5D%5Bterms%5D%5B1%5D=exclude-from-catalog&amp;tax_query%5B0%5D%5Boperator%5D=NOT+IN&amp;tax_query%5B1%5D%5Brelation%5D=OR&amp;tax_query%5B1%5D%5B0%5D%5Btaxonomy%5D=product_cat&amp;tax_query%5B1%5D%5B0%5D%5Bfield%5D=term_id&amp;tax_query%5B1%5D%5B0%5D%5Bterms%5D=51&amp;tax_query%5B1%5D%5B0%5D%5Boperator%5D=IN&amp;orderby=title&amp;meta_query%5Brelation%5D=AND\" data-max-page=\"1\">\n                    <span class=\"eael-btn-loader button__loader\"><\/span>\n                    <span class=\"eael_load_more_text\">Cargar m\u00e1s<\/span>\n                <\/button>\n            <\/div>\n                        <\/div>\n        <\/div>\n        <script type=\"text\/javascript\">\n\t\t\tjQuery(document).ready(function ($) {\n\t\t\t\tvar $scope = jQuery(\".elementor-element-8eca5ff\");\n\t\t\t\tvar $products = $('.products', $scope);\n\t\t\t\tvar $layout_mode = $products.data('layout-mode');\n\n\t\t\t\tif ($layout_mode === 'masonry') {\n\t\t\t\t\t\/\/ init isotope\n\t\t\t\t\tvar $isotope_products = $products.isotope({ itemSelector: \"li.product\", layoutMode: $layout_mode, percentPosition: true });\n\t\t\t\t\t$isotope_products.imagesLoaded().progress(function () {\n\t\t\t\t\t\t$isotope_products.isotope('layout');\n\t\t\t\t\t})\n\n\t\t\t\t\t$(window).on('resize', function () {\n\t\t\t\t\t\t$isotope_products.isotope('layout');\n\t\t\t\t\t});\n\t\t\t\t}\n\t\t\t});\n        <\/script>\n\t\t\t\t\t\t<\/div>\n\t\t\t\t<div data-ka-cursor-size=\"1\" class=\"elementor-element elementor-element-5ba0848 elementor-fixed elementor-widget elementor-widget-button\" data-id=\"5ba0848\" data-element_type=\"widget\" data-e-type=\"widget\" data-settings=\"{&quot;_position&quot;:&quot;fixed&quot;,&quot;kng_cursor_interaction&quot;:&quot;default&quot;,&quot;kng_cursor_magnetic&quot;:&quot;none&quot;,&quot;kng_cursor_size_multiplier&quot;:{&quot;unit&quot;:&quot;px&quot;,&quot;size&quot;:1,&quot;sizes&quot;:[]}}\" data-widget_type=\"button.default\">\n\t\t\t\t\t\t\t\t\t\t<a class=\"elementor-button elementor-button-link elementor-size-sm elementor-animation-push\" href=\"#sube21\">\n\t\t\t\t\t\t<span class=\"elementor-button-content-wrapper\">\n\t\t\t\t\t\t<span class=\"elementor-button-icon\">\n\t\t\t\t<svg aria-hidden=\"true\" class=\"e-font-icon-svg e-far-arrow-alt-circle-up\" viewBox=\"0 0 512 512\" xmlns=\"http:\/\/www.w3.org\/2000\/svg\"><path d=\"M256 504c137 0 248-111 248-248S393 8 256 8 8 119 8 256s111 248 248 248zm0-448c110.5 0 200 89.5 200 200s-89.5 200-200 200S56 366.5 56 256 145.5 56 256 56zm20 328h-40c-6.6 0-12-5.4-12-12V256h-67c-10.7 0-16-12.9-8.5-20.5l99-99c4.7-4.7 12.3-4.7 17 0l99 99c7.6 7.6 2.2 20.5-8.5 20.5h-67v116c0 6.6-5.4 12-12 12z\"><\/path><\/svg>\t\t\t<\/span>\n\t\t\t\t\t\t\t\t<\/span>\n\t\t\t\t\t<\/a>\n\t\t\t\t\t\t\t\t<\/div>\n\t\t\t\t\t<\/div>\n\t\t\t\t<\/div>\n\t\t\t\t<\/div>\n\t\t","protected":false},"excerpt":{"rendered":"<p>ARCO EN C ANGI\u00d3GRAFO RESONADOR TOM\u00d3GRAFO MAM\u00d3GRAFO INYECTOR RAYOS X ULTRASONIDO DETECTOR FLAT PANEL DENSIT\u00d3METRO ODONTOLOG\u00cdA MONITOR GRADO M\u00c9DICO Arco en C Digital Directo XPLUS 35FD &#8211; Gemss Healthcare Arco en C Versi\u00f3n Intensificador prop\u00f3sitos Card\u00edacos SPINEL 3G &#8211; Gemss Healthcare Arco en C Versi\u00f3n Intensificador XPLUS35 &#8211; Gemss Healthcare Cargar m\u00e1s<\/p>\n","protected":false},"author":1,"featured_media":0,"parent":0,"menu_order":0,"comment_status":"closed","ping_status":"closed","template":"","meta":{"nf_dc_page":"","_eb_attr":"","footnotes":""},"class_list":["post-6255","page","type-page","status-publish","hentry"],"_links":{"self":[{"href":"https:\/\/mcg.com.ve\/staging\/6138\/wp-json\/wp\/v2\/pages\/6255","targetHints":{"allow":["GET"]}}],"collection":[{"href":"https:\/\/mcg.com.ve\/staging\/6138\/wp-json\/wp\/v2\/pages"}],"about":[{"href":"https:\/\/mcg.com.ve\/staging\/6138\/wp-json\/wp\/v2\/types\/page"}],"author":[{"embeddable":true,"href":"https:\/\/mcg.com.ve\/staging\/6138\/wp-json\/wp\/v2\/users\/1"}],"replies":[{"embeddable":true,"href":"https:\/\/mcg.com.ve\/staging\/6138\/wp-json\/wp\/v2\/comments?post=6255"}],"version-history":[{"count":0,"href":"https:\/\/mcg.com.ve\/staging\/6138\/wp-json\/wp\/v2\/pages\/6255\/revisions"}],"wp:attachment":[{"href":"https:\/\/mcg.com.ve\/staging\/6138\/wp-json\/wp\/v2\/media?parent=6255"}],"curies":[{"name":"wp","href":"https:\/\/api.w.org\/{rel}","templated":true}]}}