{"id":6257,"date":"2026-03-06T14:27:09","date_gmt":"2026-03-06T14:27:09","guid":{"rendered":"https:\/\/mcg.com.ve\/staging\/6138\/?page_id=6257"},"modified":"2026-04-07T17:18:35","modified_gmt":"2026-04-07T17:18:35","slug":"ultrasonido-2","status":"publish","type":"page","link":"https:\/\/mcg.com.ve\/staging\/6138\/ultrasonido-2\/","title":{"rendered":"ULTRASONIDO"},"content":{"rendered":"\t\t<div data-elementor-type=\"wp-page\" data-elementor-id=\"6257\" class=\"elementor elementor-6257\">\n\t\t\t\t<div data-ka-cursor-size=\"1\" class=\"elementor-element elementor-element-229193f e-flex e-con-boxed e-con e-parent\" data-id=\"229193f\" data-element_type=\"container\" data-e-type=\"container\" data-settings=\"{&quot;kng_cursor_interaction&quot;:&quot;default&quot;,&quot;kng_cursor_magnetic&quot;:&quot;none&quot;,&quot;kng_cursor_size_multiplier&quot;:{&quot;unit&quot;:&quot;px&quot;,&quot;size&quot;:1,&quot;sizes&quot;:[]}}\">\n\t\t\t\t\t<div class=\"e-con-inner\">\n\t\t\t\t<div data-ka-cursor-size=\"1\" class=\"elementor-element elementor-element-8caf49d eael-product-gallery-column-mobile-3 eael-product-gallery-column-tablet-3 eael-product-gallery-column-3 elementor-widget elementor-widget-eael-woo-product-gallery\" data-id=\"8caf49d\" data-element_type=\"widget\" data-e-type=\"widget\" data-settings=\"{&quot;eael_product_gallery_column_mobile&quot;:&quot;3&quot;,&quot;eael_product_gallery_column_tablet&quot;:&quot;3&quot;,&quot;eael_product_gallery_column&quot;:&quot;3&quot;,&quot;kng_cursor_interaction&quot;:&quot;default&quot;,&quot;kng_cursor_magnetic&quot;:&quot;none&quot;,&quot;kng_cursor_size_multiplier&quot;:{&quot;unit&quot;:&quot;px&quot;,&quot;size&quot;:1,&quot;sizes&quot;:[]}}\" data-widget_type=\"eael-woo-product-gallery.default\">\n\t\t\t\t\t\n        <div class=\"eael-product-gallery eael-product-preset-2 grid eael-terms-layout-horizontal\" id=\"eael-product-gallery\" data-widget-id=\"8caf49d\" data-page-id=\"6257\" data-nonce=\"00c5b6fecd\" >\n\t\t\t<ul class=\"eael-cat-tab\" data-layout=\"grid\" data-template=\"{&quot;dir&quot;:&quot;lite&quot;,&quot;file_name&quot;:&quot;preset-2.php&quot;,&quot;name&quot;:&quot;Woo-Product-Gallery&quot;}\" data-nonce=\"00c5b6fecd\" data-page-id=\"6257\" data-widget-id=\"8caf49d\" data-widget=\"8caf49d\" data-class=\"Essential_Addons_Elementor\\Elements\\Woo_Product_Gallery\" data-args=\"post_type=product&amp;post_status%5B0%5D=publish&amp;post_status%5B1%5D=pending&amp;post_status%5B2%5D=future&amp;posts_per_page=10&amp;order=asc&amp;offset=0&amp;tax_query%5Brelation%5D=AND&amp;tax_query%5B0%5D%5Btaxonomy%5D=product_visibility&amp;tax_query%5B0%5D%5Bfield%5D=name&amp;tax_query%5B0%5D%5Bterms%5D%5B0%5D=exclude-from-search&amp;tax_query%5B0%5D%5Bterms%5D%5B1%5D=exclude-from-catalog&amp;tax_query%5B0%5D%5Boperator%5D=NOT+IN&amp;tax_query%5B1%5D%5Brelation%5D=OR&amp;tax_query%5B1%5D%5B0%5D%5Btaxonomy%5D=product_cat&amp;tax_query%5B1%5D%5B0%5D%5Bfield%5D=term_id&amp;tax_query%5B1%5D%5B0%5D%5Bterms%5D=49&amp;tax_query%5B1%5D%5B0%5D%5Boperator%5D=IN&amp;orderby=title&amp;meta_query%5Brelation%5D=AND\" data-page=\"1\"><li><a href=\"javascript:;\" data-page=\"1\" data-taxonomy=\"product_cat\" data-terms='[\"ultrasonido\"]' data-id=\"49\" class=\"post-list-filter-item \">ULTRASONIDO<\/a><\/li><li><a href=\"javascript:;\" data-page=\"1\" data-taxonomy=\"product_cat\" data-terms='[\"angiografia\"]' data-id=\"56\" class=\"post-list-filter-item \">ANGI\u00d3GRAFO<\/a><\/li><li><a href=\"javascript:;\" data-page=\"1\" data-taxonomy=\"product_cat\" data-terms='[\"resonancia\"]' data-id=\"55\" class=\"post-list-filter-item \">RESONADOR<\/a><\/li><li><a href=\"javascript:;\" data-page=\"1\" data-taxonomy=\"product_cat\" data-terms='[\"tomografia\"]' data-id=\"54\" class=\"post-list-filter-item \">TOM\u00d3GRAFO<\/a><\/li><li><a href=\"javascript:;\" data-page=\"1\" data-taxonomy=\"product_cat\" data-terms='[\"mamografia\"]' data-id=\"53\" class=\"post-list-filter-item \">MAM\u00d3GRAFO<\/a><\/li><li><a href=\"javascript:;\" data-page=\"1\" data-taxonomy=\"product_cat\" data-terms='[\"inyector\"]' data-id=\"52\" class=\"post-list-filter-item \">INYECTOR<\/a><\/li><li><a href=\"javascript:;\" data-page=\"1\" data-taxonomy=\"product_cat\" data-terms='[\"arco-en-c\"]' data-id=\"51\" class=\"post-list-filter-item \">ARCO EN C<\/a><\/li><li><a href=\"javascript:;\" data-page=\"1\" data-taxonomy=\"product_cat\" data-terms='[\"rayos-x-moviles\"]' data-id=\"89\" class=\"post-list-filter-item \">RAYOS X<\/a><\/li><li><a href=\"javascript:;\" data-page=\"1\" data-taxonomy=\"product_cat\" data-terms='[\"detector-flat-panel\"]' data-id=\"48\" class=\"post-list-filter-item \">DETECTOR FLAT PANEL<\/a><\/li><li><a href=\"javascript:;\" data-page=\"1\" data-taxonomy=\"product_cat\" data-terms='[\"densitometro\"]' data-id=\"47\" class=\"post-list-filter-item \">DENSIT\u00d3METRO<\/a><\/li><li><a href=\"javascript:;\" data-page=\"1\" data-taxonomy=\"product_cat\" data-terms='[\"odontologia\"]' data-id=\"46\" class=\"post-list-filter-item \">ODONTOLOG\u00cdA<\/a><\/li><li><a href=\"javascript:;\" data-page=\"1\" data-taxonomy=\"product_cat\" data-terms='[\"monitor-grado-medico\"]' data-id=\"90\" class=\"post-list-filter-item \">MONITOR GRADO M\u00c9DICO<\/a><\/li><\/ul>\n            <div class=\"woocommerce\">\n\t\t\t\t<ul class=\"products eael-post-appender eael-post-appender-8caf49d\" data-layout-mode=\"grid\" data-ssi-mobile=\"no\" data-ssi-tablet=\"no\" data-ssi-desktop=\"no\" ><li class=\"product  post-5303 type-product status-publish has-post-thumbnail product_cat-diagnostico-por-imagenes product_cat-ultrasonido first instock shipping-taxable product-type-simple\">\n        <div class=\"eael-product-wrap\" data-src=\"\" data-src-hover=\"\" >\n                <div class=\"product-image-wrap\">\n            <div class=\"image-wrap\">\n                <a href=\"https:\/\/mcg.com.ve\/staging\/6138\/producto\/ultrasonido-marca-neusoft-medical-systems-modelo-neuecho-20\/\" class=\"woocommerce-LoopProduct-link woocommerce-loop-product__link\"><img loading=\"lazy\" decoding=\"async\" loading=\"lazy\" width=\"800\" height=\"800\" src=\"https:\/\/mcg.com.ve\/staging\/6138\/wp-content\/uploads\/2026\/02\/Ecografia-NeuECHO-SERIES-ultrasonido.webp\" class=\"attachment-full size-full\" alt=\"Ultrasonido Neuecho 20 - Neusoft Medical Systems\" loading=\"eager\" srcset=\"https:\/\/mcg.com.ve\/staging\/6138\/wp-content\/uploads\/2026\/02\/Ecografia-NeuECHO-SERIES-ultrasonido.webp 800w, https:\/\/mcg.com.ve\/staging\/6138\/wp-content\/uploads\/2026\/02\/Ecografia-NeuECHO-SERIES-ultrasonido-300x300.webp 300w, https:\/\/mcg.com.ve\/staging\/6138\/wp-content\/uploads\/2026\/02\/Ecografia-NeuECHO-SERIES-ultrasonido-150x150.webp 150w, https:\/\/mcg.com.ve\/staging\/6138\/wp-content\/uploads\/2026\/02\/Ecografia-NeuECHO-SERIES-ultrasonido-768x768.webp 768w, https:\/\/mcg.com.ve\/staging\/6138\/wp-content\/uploads\/2026\/02\/Ecografia-NeuECHO-SERIES-ultrasonido-600x600.webp 600w, https:\/\/mcg.com.ve\/staging\/6138\/wp-content\/uploads\/2026\/02\/Ecografia-NeuECHO-SERIES-ultrasonido-100x100.webp 100w\" sizes=\"auto, (max-width: 800px) 100vw, 800px\" \/><\/a>            <\/div>\n            <div class=\"image-hover-wrap\">\n                <ul class=\"icons-wrap block-box-style\">\n                                                                <li class=\"eael-product-quick-view\">\n                            <a id=\"eael_quick_view_69ea89d8da992\" data-quickview-setting=\"{&quot;widget_id&quot;:&quot;8caf49d&quot;,&quot;product_id&quot;:5303,&quot;page_id&quot;:6257}\"\n                                class=\"eael-product-gallery-open-popup open-popup-link\">\n                                <i class=\"fas fa-eye\"><\/i>\n                            <\/a>\n                        <\/li>\n                                                        <\/ul>\n            <\/div>\n        <\/div>\n        <div class=\"product-details-wrap\">\n            <div class=\"eael-product-price\"><\/div>            <div class=\"eael-product-title\">\n                <h2>Ultrasonido Neuecho 20 - Neusoft Medical Systems<\/h2>            <\/div>\n        <\/div>\n            <\/div>\n<\/li><li class=\"product  post-5305 type-product status-publish has-post-thumbnail product_cat-diagnostico-por-imagenes product_cat-ultrasonido instock shipping-taxable product-type-simple\">\n        <div class=\"eael-product-wrap\" data-src=\"\" data-src-hover=\"\" >\n                <div class=\"product-image-wrap\">\n            <div class=\"image-wrap\">\n                <a href=\"https:\/\/mcg.com.ve\/staging\/6138\/producto\/ultrasonido-neuecho-20-plus-neusoft-medical-systems\/\" class=\"woocommerce-LoopProduct-link woocommerce-loop-product__link\"><img loading=\"lazy\" decoding=\"async\" loading=\"lazy\" width=\"800\" height=\"800\" src=\"https:\/\/mcg.com.ve\/staging\/6138\/wp-content\/uploads\/2026\/02\/Ecografia-NeuECHO-SERIES-ultrasonido.webp\" class=\"attachment-full size-full\" alt=\"Ultrasonido Neuecho 20 plus - Neusoft Medical Systems\" loading=\"eager\" srcset=\"https:\/\/mcg.com.ve\/staging\/6138\/wp-content\/uploads\/2026\/02\/Ecografia-NeuECHO-SERIES-ultrasonido.webp 800w, https:\/\/mcg.com.ve\/staging\/6138\/wp-content\/uploads\/2026\/02\/Ecografia-NeuECHO-SERIES-ultrasonido-300x300.webp 300w, https:\/\/mcg.com.ve\/staging\/6138\/wp-content\/uploads\/2026\/02\/Ecografia-NeuECHO-SERIES-ultrasonido-150x150.webp 150w, https:\/\/mcg.com.ve\/staging\/6138\/wp-content\/uploads\/2026\/02\/Ecografia-NeuECHO-SERIES-ultrasonido-768x768.webp 768w, https:\/\/mcg.com.ve\/staging\/6138\/wp-content\/uploads\/2026\/02\/Ecografia-NeuECHO-SERIES-ultrasonido-600x600.webp 600w, https:\/\/mcg.com.ve\/staging\/6138\/wp-content\/uploads\/2026\/02\/Ecografia-NeuECHO-SERIES-ultrasonido-100x100.webp 100w\" sizes=\"auto, (max-width: 800px) 100vw, 800px\" \/><\/a>            <\/div>\n            <div class=\"image-hover-wrap\">\n                <ul class=\"icons-wrap block-box-style\">\n                                                                <li class=\"eael-product-quick-view\">\n                            <a id=\"eael_quick_view_69ea89d8db565\" data-quickview-setting=\"{&quot;widget_id&quot;:&quot;8caf49d&quot;,&quot;product_id&quot;:5305,&quot;page_id&quot;:6257}\"\n                                class=\"eael-product-gallery-open-popup open-popup-link\">\n                                <i class=\"fas fa-eye\"><\/i>\n                            <\/a>\n                        <\/li>\n                                                        <\/ul>\n            <\/div>\n        <\/div>\n        <div class=\"product-details-wrap\">\n            <div class=\"eael-product-price\"><\/div>            <div class=\"eael-product-title\">\n                <h2>Ultrasonido Neuecho 20 plus - Neusoft Medical Systems<\/h2>            <\/div>\n        <\/div>\n            <\/div>\n<\/li><li class=\"product  post-5304 type-product status-publish has-post-thumbnail product_cat-diagnostico-por-imagenes product_cat-ultrasonido instock shipping-taxable product-type-simple\">\n        <div class=\"eael-product-wrap\" data-src=\"\" data-src-hover=\"\" >\n                <div class=\"product-image-wrap\">\n            <div class=\"image-wrap\">\n                <a href=\"https:\/\/mcg.com.ve\/staging\/6138\/producto\/ultrasonido-neuecho-20-w-neusoft-medical-systems\/\" class=\"woocommerce-LoopProduct-link woocommerce-loop-product__link\"><img loading=\"lazy\" decoding=\"async\" loading=\"lazy\" width=\"800\" height=\"800\" src=\"https:\/\/mcg.com.ve\/staging\/6138\/wp-content\/uploads\/2026\/02\/Ecografia-NeuECHO-SERIES-ultrasonido.webp\" class=\"attachment-full size-full\" alt=\"Ultrasonido Neuecho 20 W - Neusoft Medical Systems\" loading=\"eager\" srcset=\"https:\/\/mcg.com.ve\/staging\/6138\/wp-content\/uploads\/2026\/02\/Ecografia-NeuECHO-SERIES-ultrasonido.webp 800w, https:\/\/mcg.com.ve\/staging\/6138\/wp-content\/uploads\/2026\/02\/Ecografia-NeuECHO-SERIES-ultrasonido-300x300.webp 300w, https:\/\/mcg.com.ve\/staging\/6138\/wp-content\/uploads\/2026\/02\/Ecografia-NeuECHO-SERIES-ultrasonido-150x150.webp 150w, https:\/\/mcg.com.ve\/staging\/6138\/wp-content\/uploads\/2026\/02\/Ecografia-NeuECHO-SERIES-ultrasonido-768x768.webp 768w, https:\/\/mcg.com.ve\/staging\/6138\/wp-content\/uploads\/2026\/02\/Ecografia-NeuECHO-SERIES-ultrasonido-600x600.webp 600w, https:\/\/mcg.com.ve\/staging\/6138\/wp-content\/uploads\/2026\/02\/Ecografia-NeuECHO-SERIES-ultrasonido-100x100.webp 100w\" sizes=\"auto, (max-width: 800px) 100vw, 800px\" \/><\/a>            <\/div>\n            <div class=\"image-hover-wrap\">\n                <ul class=\"icons-wrap block-box-style\">\n                                                                <li class=\"eael-product-quick-view\">\n                            <a id=\"eael_quick_view_69ea89d8dbdbe\" data-quickview-setting=\"{&quot;widget_id&quot;:&quot;8caf49d&quot;,&quot;product_id&quot;:5304,&quot;page_id&quot;:6257}\"\n                                class=\"eael-product-gallery-open-popup open-popup-link\">\n                                <i class=\"fas fa-eye\"><\/i>\n                            <\/a>\n                        <\/li>\n                                                        <\/ul>\n            <\/div>\n        <\/div>\n        <div class=\"product-details-wrap\">\n            <div class=\"eael-product-price\"><\/div>            <div class=\"eael-product-title\">\n                <h2>Ultrasonido Neuecho 20 W - Neusoft Medical Systems<\/h2>            <\/div>\n        <\/div>\n            <\/div>\n<\/li><\/ul>            <div class=\"eael-load-more-button-wrap\">\n                <button class=\"hide-load-more eael-load-more-button\" id=\"eael-load-more-btn-8caf49d\" data-widget-id=\"8caf49d\" data-widget=\"8caf49d\" data-page-id=\"6257\" data-template=\"{&quot;dir&quot;:&quot;lite&quot;,&quot;file_name&quot;:&quot;preset-2.php&quot;,&quot;name&quot;:&quot;Woo-Product-Gallery&quot;}\" data-class=\"Essential_Addons_Elementor\\Elements\\Woo_Product_Gallery\" data-layout=\"grid\" data-page=\"1\" data-args=\"post_type=product&amp;post_status%5B0%5D=publish&amp;post_status%5B1%5D=pending&amp;post_status%5B2%5D=future&amp;posts_per_page=10&amp;order=asc&amp;offset=0&amp;tax_query%5Brelation%5D=AND&amp;tax_query%5B0%5D%5Btaxonomy%5D=product_visibility&amp;tax_query%5B0%5D%5Bfield%5D=name&amp;tax_query%5B0%5D%5Bterms%5D%5B0%5D=exclude-from-search&amp;tax_query%5B0%5D%5Bterms%5D%5B1%5D=exclude-from-catalog&amp;tax_query%5B0%5D%5Boperator%5D=NOT+IN&amp;tax_query%5B1%5D%5Brelation%5D=OR&amp;tax_query%5B1%5D%5B0%5D%5Btaxonomy%5D=product_cat&amp;tax_query%5B1%5D%5B0%5D%5Bfield%5D=term_id&amp;tax_query%5B1%5D%5B0%5D%5Bterms%5D=49&amp;tax_query%5B1%5D%5B0%5D%5Boperator%5D=IN&amp;orderby=title&amp;meta_query%5Brelation%5D=AND\" data-max-page=\"1\">\n                    <span class=\"eael-btn-loader button__loader\"><\/span>\n                    <span class=\"eael_load_more_text\">Cargar m\u00e1s<\/span>\n                <\/button>\n            <\/div>\n                        <\/div>\n        <\/div>\n        <script type=\"text\/javascript\">\n\t\t\tjQuery(document).ready(function ($) {\n\t\t\t\tvar $scope = jQuery(\".elementor-element-8caf49d\");\n\t\t\t\tvar $products = $('.products', $scope);\n\t\t\t\tvar $layout_mode = $products.data('layout-mode');\n\n\t\t\t\tif ($layout_mode === 'masonry') {\n\t\t\t\t\t\/\/ init isotope\n\t\t\t\t\tvar $isotope_products = $products.isotope({ itemSelector: \"li.product\", layoutMode: $layout_mode, percentPosition: true });\n\t\t\t\t\t$isotope_products.imagesLoaded().progress(function () {\n\t\t\t\t\t\t$isotope_products.isotope('layout');\n\t\t\t\t\t})\n\n\t\t\t\t\t$(window).on('resize', function () {\n\t\t\t\t\t\t$isotope_products.isotope('layout');\n\t\t\t\t\t});\n\t\t\t\t}\n\t\t\t});\n        <\/script>\n\t\t\t\t\t\t<\/div>\n\t\t\t\t\t<\/div>\n\t\t\t\t<\/div>\n\t\t\t\t<\/div>\n\t\t","protected":false},"excerpt":{"rendered":"<p>ULTRASONIDO ANGI\u00d3GRAFO RESONADOR TOM\u00d3GRAFO MAM\u00d3GRAFO INYECTOR ARCO EN C RAYOS X DETECTOR FLAT PANEL DENSIT\u00d3METRO ODONTOLOG\u00cdA MONITOR GRADO M\u00c9DICO Ultrasonido Neuecho 20 &#8211; Neusoft Medical Systems Ultrasonido Neuecho 20 plus &#8211; Neusoft Medical Systems Ultrasonido Neuecho 20 W &#8211; Neusoft Medical Systems Cargar m\u00e1s<\/p>\n","protected":false},"author":1,"featured_media":0,"parent":0,"menu_order":0,"comment_status":"closed","ping_status":"closed","template":"","meta":{"nf_dc_page":"","_eb_attr":"","footnotes":""},"class_list":["post-6257","page","type-page","status-publish","hentry"],"_links":{"self":[{"href":"https:\/\/mcg.com.ve\/staging\/6138\/wp-json\/wp\/v2\/pages\/6257","targetHints":{"allow":["GET"]}}],"collection":[{"href":"https:\/\/mcg.com.ve\/staging\/6138\/wp-json\/wp\/v2\/pages"}],"about":[{"href":"https:\/\/mcg.com.ve\/staging\/6138\/wp-json\/wp\/v2\/types\/page"}],"author":[{"embeddable":true,"href":"https:\/\/mcg.com.ve\/staging\/6138\/wp-json\/wp\/v2\/users\/1"}],"replies":[{"embeddable":true,"href":"https:\/\/mcg.com.ve\/staging\/6138\/wp-json\/wp\/v2\/comments?post=6257"}],"version-history":[{"count":0,"href":"https:\/\/mcg.com.ve\/staging\/6138\/wp-json\/wp\/v2\/pages\/6257\/revisions"}],"wp:attachment":[{"href":"https:\/\/mcg.com.ve\/staging\/6138\/wp-json\/wp\/v2\/media?parent=6257"}],"curies":[{"name":"wp","href":"https:\/\/api.w.org\/{rel}","templated":true}]}}