{"id":6333,"date":"2026-03-06T15:55:43","date_gmt":"2026-03-06T15:55:43","guid":{"rendered":"https:\/\/mcg.com.ve\/staging\/6138\/?page_id=6333"},"modified":"2026-04-07T16:59:37","modified_gmt":"2026-04-07T16:59:37","slug":"morgue-2","status":"publish","type":"page","link":"https:\/\/mcg.com.ve\/staging\/6138\/morgue-2\/","title":{"rendered":"MORGUE"},"content":{"rendered":"\t\t<div data-elementor-type=\"wp-page\" data-elementor-id=\"6333\" class=\"elementor elementor-6333\">\n\t\t\t\t<div data-ka-cursor-size=\"1\" class=\"elementor-element elementor-element-229193f e-flex e-con-boxed e-con e-parent\" data-id=\"229193f\" data-element_type=\"container\" data-e-type=\"container\" data-settings=\"{&quot;kng_cursor_interaction&quot;:&quot;default&quot;,&quot;kng_cursor_magnetic&quot;:&quot;none&quot;,&quot;kng_cursor_size_multiplier&quot;:{&quot;unit&quot;:&quot;px&quot;,&quot;size&quot;:1,&quot;sizes&quot;:[]}}\">\n\t\t\t\t\t<div class=\"e-con-inner\">\n\t\t<div data-ka-cursor-size=\"1\" class=\"elementor-element elementor-element-f75557c e-con-full e-flex e-con e-child\" data-id=\"f75557c\" data-element_type=\"container\" data-e-type=\"container\" data-settings=\"{&quot;kng_cursor_interaction&quot;:&quot;default&quot;,&quot;kng_cursor_magnetic&quot;:&quot;none&quot;,&quot;kng_cursor_size_multiplier&quot;:{&quot;unit&quot;:&quot;px&quot;,&quot;size&quot;:1,&quot;sizes&quot;:[]}}\">\n\t\t\t\t<div data-ka-cursor-size=\"1\" class=\"elementor-element elementor-element-d1e28e3 eael-product-gallery-column-mobile-3 eael-product-gallery-column-tablet-3 eael-product-gallery-column-3 elementor-widget elementor-widget-eael-woo-product-gallery\" data-id=\"d1e28e3\" data-element_type=\"widget\" data-e-type=\"widget\" data-settings=\"{&quot;eael_product_gallery_column_mobile&quot;:&quot;3&quot;,&quot;eael_product_gallery_column_tablet&quot;:&quot;3&quot;,&quot;eael_product_gallery_column&quot;:&quot;3&quot;,&quot;kng_cursor_interaction&quot;:&quot;default&quot;,&quot;kng_cursor_magnetic&quot;:&quot;none&quot;,&quot;kng_cursor_size_multiplier&quot;:{&quot;unit&quot;:&quot;px&quot;,&quot;size&quot;:1,&quot;sizes&quot;:[]}}\" data-widget_type=\"eael-woo-product-gallery.default\">\n\t\t\t\t\t\n        <div class=\"eael-product-gallery eael-product-preset-2 grid eael-terms-layout-horizontal\" id=\"eael-product-gallery\" data-widget-id=\"d1e28e3\" data-page-id=\"6333\" data-nonce=\"00c5b6fecd\" >\n\t\t\t<ul class=\"eael-cat-tab\" data-layout=\"grid\" data-template=\"{&quot;dir&quot;:&quot;lite&quot;,&quot;file_name&quot;:&quot;preset-2.php&quot;,&quot;name&quot;:&quot;Woo-Product-Gallery&quot;}\" data-nonce=\"00c5b6fecd\" data-page-id=\"6333\" data-widget-id=\"d1e28e3\" data-widget=\"d1e28e3\" data-class=\"Essential_Addons_Elementor\\Elements\\Woo_Product_Gallery\" data-args=\"post_type=product&amp;post_status%5B0%5D=publish&amp;post_status%5B1%5D=pending&amp;post_status%5B2%5D=future&amp;posts_per_page=10&amp;order=asc&amp;offset=0&amp;tax_query%5Brelation%5D=AND&amp;tax_query%5B0%5D%5Btaxonomy%5D=product_visibility&amp;tax_query%5B0%5D%5Bfield%5D=name&amp;tax_query%5B0%5D%5Bterms%5D%5B0%5D=exclude-from-search&amp;tax_query%5B0%5D%5Bterms%5D%5B1%5D=exclude-from-catalog&amp;tax_query%5B0%5D%5Boperator%5D=NOT+IN&amp;tax_query%5B1%5D%5Brelation%5D=OR&amp;tax_query%5B1%5D%5B0%5D%5Btaxonomy%5D=product_cat&amp;tax_query%5B1%5D%5B0%5D%5Bfield%5D=term_id&amp;tax_query%5B1%5D%5B0%5D%5Bterms%5D=68&amp;tax_query%5B1%5D%5B0%5D%5Boperator%5D=IN&amp;orderby=menu_order&amp;meta_query%5Brelation%5D=AND\" data-page=\"1\"><li><a href=\"javascript:;\" data-page=\"1\" data-taxonomy=\"product_cat\" data-terms='[\"morgue\"]' data-id=\"68\" class=\"post-list-filter-item \">MORGUE<\/a><\/li><li><a href=\"javascript:;\" data-page=\"1\" data-taxonomy=\"product_cat\" data-terms='[\"quirofano\"]' data-id=\"74\" class=\"post-list-filter-item \">QUIR\u00d3FANO<\/a><\/li><li><a href=\"javascript:;\" data-page=\"1\" data-taxonomy=\"product_cat\" data-terms='[\"emergencia\"]' data-id=\"73\" class=\"post-list-filter-item \">EMERGENCIA<\/a><\/li><li><a href=\"javascript:;\" data-page=\"1\" data-taxonomy=\"product_cat\" data-terms='[\"uci\"]' data-id=\"72\" class=\"post-list-filter-item \">UCI<\/a><\/li><li><a href=\"javascript:;\" data-page=\"1\" data-taxonomy=\"product_cat\" data-terms='[\"hospitalizacion\"]' data-id=\"71\" class=\"post-list-filter-item \">HOSPITALIZACI\u00d3N<\/a><\/li><li><a href=\"javascript:;\" data-page=\"1\" data-taxonomy=\"product_cat\" data-terms='[\"neonatal\"]' data-id=\"70\" class=\"post-list-filter-item \">NEONATAL<\/a><\/li><li><a href=\"javascript:;\" data-page=\"1\" data-taxonomy=\"product_cat\" data-terms='[\"esterilizacion\"]' data-id=\"69\" class=\"post-list-filter-item \">ESTERILIZACI\u00d3N<\/a><\/li><li><a href=\"javascript:;\" data-page=\"1\" data-taxonomy=\"product_cat\" data-terms='[\"unidosis\"]' data-id=\"67\" class=\"post-list-filter-item \">UNIDOSIS<\/a><\/li><li><a href=\"javascript:;\" data-page=\"1\" data-taxonomy=\"product_cat\" data-terms='[\"consultorios\"]' data-id=\"66\" class=\"post-list-filter-item \">CONSULTORIOS<\/a><\/li><\/ul>\n            <div class=\"woocommerce\">\n\t\t\t\t<ul class=\"products eael-post-appender eael-post-appender-d1e28e3\" data-layout-mode=\"grid\" data-ssi-desktop=\"no\" ><li class=\"product  post-5346 type-product status-publish has-post-thumbnail product_cat-equipamento-medico product_cat-morgue first instock shipping-taxable product-type-simple\">\n        <div class=\"eael-product-wrap\" data-src=\"\" data-src-hover=\"\" >\n                <div class=\"product-image-wrap\">\n            <div class=\"image-wrap\">\n                <a href=\"https:\/\/mcg.com.ve\/staging\/6138\/producto\/carro-funerario-cadaveres-con-tapa-mixta-medical-modelo-mcta-9011\/\" class=\"woocommerce-LoopProduct-link woocommerce-loop-product__link\"><img loading=\"lazy\" decoding=\"async\" loading=\"lazy\" width=\"698\" height=\"559\" src=\"https:\/\/mcg.com.ve\/staging\/6138\/wp-content\/uploads\/2026\/02\/Carro-funerario-cadaveres-con-tapa-MIXTA-MCTA-9011.jpg\" class=\"attachment-full size-full\" alt=\"Carro funerario (cad\u00e1veres con tapa) MIXTA MEDICAL  modelo MCTA 9011\" loading=\"eager\" srcset=\"https:\/\/mcg.com.ve\/staging\/6138\/wp-content\/uploads\/2026\/02\/Carro-funerario-cadaveres-con-tapa-MIXTA-MCTA-9011.jpg 698w, https:\/\/mcg.com.ve\/staging\/6138\/wp-content\/uploads\/2026\/02\/Carro-funerario-cadaveres-con-tapa-MIXTA-MCTA-9011-300x240.jpg 300w, https:\/\/mcg.com.ve\/staging\/6138\/wp-content\/uploads\/2026\/02\/Carro-funerario-cadaveres-con-tapa-MIXTA-MCTA-9011-600x481.jpg 600w\" sizes=\"auto, (max-width: 698px) 100vw, 698px\" \/><\/a>            <\/div>\n            <div class=\"image-hover-wrap\">\n                <ul class=\"icons-wrap block-box-style\">\n                                                                <li class=\"eael-product-quick-view\">\n                            <a id=\"eael_quick_view_69ea4fa8e4bc8\" data-quickview-setting=\"{&quot;widget_id&quot;:&quot;d1e28e3&quot;,&quot;product_id&quot;:5346,&quot;page_id&quot;:6333}\"\n                                class=\"eael-product-gallery-open-popup open-popup-link\">\n                                <i class=\"fas fa-eye\"><\/i>\n                            <\/a>\n                        <\/li>\n                                                        <\/ul>\n            <\/div>\n        <\/div>\n        <div class=\"product-details-wrap\">\n            <div class=\"eael-product-price\"><\/div>            <div class=\"eael-product-title\">\n                <h2>Carro funerario (cad\u00e1veres con tapa) MIXTA MEDICAL  modelo MCTA 9011<\/h2>            <\/div>\n        <\/div>\n            <\/div>\n<\/li><li class=\"product  post-5347 type-product status-publish has-post-thumbnail product_cat-equipamento-medico product_cat-morgue instock shipping-taxable product-type-simple\">\n        <div class=\"eael-product-wrap\" data-src=\"\" data-src-hover=\"\" >\n                <div class=\"product-image-wrap\">\n            <div class=\"image-wrap\">\n                <a href=\"https:\/\/mcg.com.ve\/staging\/6138\/producto\/elevador-de-cadaveres-hidraulico-mixta-medical-modelo-mkl-9002\/\" class=\"woocommerce-LoopProduct-link woocommerce-loop-product__link\"><img loading=\"lazy\" decoding=\"async\" loading=\"lazy\" width=\"677\" height=\"542\" src=\"https:\/\/mcg.com.ve\/staging\/6138\/wp-content\/uploads\/2026\/02\/Elevador-de-cadaveres-hidraulico-MIXTA-MEDICAL-MKL-9002.jpg\" class=\"attachment-full size-full\" alt=\"Elevador de cad\u00e1veres (hidr\u00e1ulico) MIXTA MEDICAL modelo MKL 9002\" loading=\"eager\" srcset=\"https:\/\/mcg.com.ve\/staging\/6138\/wp-content\/uploads\/2026\/02\/Elevador-de-cadaveres-hidraulico-MIXTA-MEDICAL-MKL-9002.jpg 677w, https:\/\/mcg.com.ve\/staging\/6138\/wp-content\/uploads\/2026\/02\/Elevador-de-cadaveres-hidraulico-MIXTA-MEDICAL-MKL-9002-300x240.jpg 300w, https:\/\/mcg.com.ve\/staging\/6138\/wp-content\/uploads\/2026\/02\/Elevador-de-cadaveres-hidraulico-MIXTA-MEDICAL-MKL-9002-600x480.jpg 600w\" sizes=\"auto, (max-width: 677px) 100vw, 677px\" \/><\/a>            <\/div>\n            <div class=\"image-hover-wrap\">\n                <ul class=\"icons-wrap block-box-style\">\n                                                                <li class=\"eael-product-quick-view\">\n                            <a id=\"eael_quick_view_69ea4fa8e5cb9\" data-quickview-setting=\"{&quot;widget_id&quot;:&quot;d1e28e3&quot;,&quot;product_id&quot;:5347,&quot;page_id&quot;:6333}\"\n                                class=\"eael-product-gallery-open-popup open-popup-link\">\n                                <i class=\"fas fa-eye\"><\/i>\n                            <\/a>\n                        <\/li>\n                                                        <\/ul>\n            <\/div>\n        <\/div>\n        <div class=\"product-details-wrap\">\n            <div class=\"eael-product-price\"><\/div>            <div class=\"eael-product-title\">\n                <h2>Elevador de cad\u00e1veres (hidr\u00e1ulico) MIXTA MEDICAL modelo MKL 9002<\/h2>            <\/div>\n        <\/div>\n            <\/div>\n<\/li><li class=\"product  post-5345 type-product status-publish has-post-thumbnail product_cat-equipamento-medico product_cat-morgue instock shipping-taxable product-type-simple\">\n        <div class=\"eael-product-wrap\" data-src=\"\" data-src-hover=\"\" >\n                <div class=\"product-image-wrap\">\n            <div class=\"image-wrap\">\n                <a href=\"https:\/\/mcg.com.ve\/staging\/6138\/producto\/mesa-de-autopsia-mixta-medical-modelo-mot-2010\/\" class=\"woocommerce-LoopProduct-link woocommerce-loop-product__link\"><img loading=\"lazy\" decoding=\"async\" loading=\"lazy\" width=\"707\" height=\"566\" src=\"https:\/\/mcg.com.ve\/staging\/6138\/wp-content\/uploads\/2026\/02\/Mesa-de-autopsia-MIXTA-MEDICAL-MOT2010.jpg\" class=\"attachment-full size-full\" alt=\"Mesa de autopsia MIXTA MEDICAL modelo MOT 2010\" loading=\"eager\" srcset=\"https:\/\/mcg.com.ve\/staging\/6138\/wp-content\/uploads\/2026\/02\/Mesa-de-autopsia-MIXTA-MEDICAL-MOT2010.jpg 707w, https:\/\/mcg.com.ve\/staging\/6138\/wp-content\/uploads\/2026\/02\/Mesa-de-autopsia-MIXTA-MEDICAL-MOT2010-300x240.jpg 300w, https:\/\/mcg.com.ve\/staging\/6138\/wp-content\/uploads\/2026\/02\/Mesa-de-autopsia-MIXTA-MEDICAL-MOT2010-600x480.jpg 600w\" sizes=\"auto, (max-width: 707px) 100vw, 707px\" \/><\/a>            <\/div>\n            <div class=\"image-hover-wrap\">\n                <ul class=\"icons-wrap block-box-style\">\n                                                                <li class=\"eael-product-quick-view\">\n                            <a id=\"eael_quick_view_69ea4fa8e6dd5\" data-quickview-setting=\"{&quot;widget_id&quot;:&quot;d1e28e3&quot;,&quot;product_id&quot;:5345,&quot;page_id&quot;:6333}\"\n                                class=\"eael-product-gallery-open-popup open-popup-link\">\n                                <i class=\"fas fa-eye\"><\/i>\n                            <\/a>\n                        <\/li>\n                                                        <\/ul>\n            <\/div>\n        <\/div>\n        <div class=\"product-details-wrap\">\n            <div class=\"eael-product-price\"><\/div>            <div class=\"eael-product-title\">\n                <h2>Mesa de autopsia MIXTA MEDICAL modelo MOT 2010<\/h2>            <\/div>\n        <\/div>\n            <\/div>\n<\/li><li class=\"product  post-5344 type-product status-publish has-post-thumbnail product_cat-equipamento-medico product_cat-morgue last instock shipping-taxable product-type-simple\">\n        <div class=\"eael-product-wrap\" data-src=\"\" data-src-hover=\"\" >\n                <div class=\"product-image-wrap\">\n            <div class=\"image-wrap\">\n                <a href=\"https:\/\/mcg.com.ve\/staging\/6138\/producto\/unidad-de-morgue-tipo-panel-mixta-medical-modelo-mpc-2010\/\" class=\"woocommerce-LoopProduct-link woocommerce-loop-product__link\"><img loading=\"lazy\" decoding=\"async\" loading=\"lazy\" width=\"1000\" height=\"800\" src=\"https:\/\/mcg.com.ve\/staging\/6138\/wp-content\/uploads\/2026\/02\/Unidad-de-morgue-tipo-panel-MIXTA-MEDICAL-MPC2010.jpg\" class=\"attachment-full size-full\" alt=\"Unidad de morgue tipo panel MIXTA MEDICAL  modelo MPC 2010\" loading=\"eager\" srcset=\"https:\/\/mcg.com.ve\/staging\/6138\/wp-content\/uploads\/2026\/02\/Unidad-de-morgue-tipo-panel-MIXTA-MEDICAL-MPC2010.jpg 1000w, https:\/\/mcg.com.ve\/staging\/6138\/wp-content\/uploads\/2026\/02\/Unidad-de-morgue-tipo-panel-MIXTA-MEDICAL-MPC2010-300x240.jpg 300w, https:\/\/mcg.com.ve\/staging\/6138\/wp-content\/uploads\/2026\/02\/Unidad-de-morgue-tipo-panel-MIXTA-MEDICAL-MPC2010-768x614.jpg 768w, https:\/\/mcg.com.ve\/staging\/6138\/wp-content\/uploads\/2026\/02\/Unidad-de-morgue-tipo-panel-MIXTA-MEDICAL-MPC2010-600x480.jpg 600w\" sizes=\"auto, (max-width: 1000px) 100vw, 1000px\" \/><\/a>            <\/div>\n            <div class=\"image-hover-wrap\">\n                <ul class=\"icons-wrap block-box-style\">\n                                                                <li class=\"eael-product-quick-view\">\n                            <a id=\"eael_quick_view_69ea4fa8e7f06\" data-quickview-setting=\"{&quot;widget_id&quot;:&quot;d1e28e3&quot;,&quot;product_id&quot;:5344,&quot;page_id&quot;:6333}\"\n                                class=\"eael-product-gallery-open-popup open-popup-link\">\n                                <i class=\"fas fa-eye\"><\/i>\n                            <\/a>\n                        <\/li>\n                                                        <\/ul>\n            <\/div>\n        <\/div>\n        <div class=\"product-details-wrap\">\n            <div class=\"eael-product-price\"><\/div>            <div class=\"eael-product-title\">\n                <h2>Unidad de morgue tipo panel MIXTA MEDICAL  modelo MPC 2010<\/h2>            <\/div>\n        <\/div>\n            <\/div>\n<\/li><li class=\"product  post-5343 type-product status-publish has-post-thumbnail product_cat-equipamento-medico product_cat-morgue first instock shipping-taxable product-type-simple\">\n        <div class=\"eael-product-wrap\" data-src=\"\" data-src-hover=\"\" >\n                <div class=\"product-image-wrap\">\n            <div class=\"image-wrap\">\n                <a href=\"https:\/\/mcg.com.ve\/staging\/6138\/producto\/unidad-de-morgue-tipo-panel-mixta-medical-modelo-mpc-3010\/\" class=\"woocommerce-LoopProduct-link woocommerce-loop-product__link\"><img loading=\"lazy\" decoding=\"async\" loading=\"lazy\" width=\"677\" height=\"542\" src=\"https:\/\/mcg.com.ve\/staging\/6138\/wp-content\/uploads\/2026\/02\/Unidad-de-morgue-tipo-panel-MIXTA-MEDICAL-MPC3010.jpg\" class=\"attachment-full size-full\" alt=\"Unidad de morgue tipo panel MIXTA MEDICAL  modelo MPC 3010\" loading=\"eager\" srcset=\"https:\/\/mcg.com.ve\/staging\/6138\/wp-content\/uploads\/2026\/02\/Unidad-de-morgue-tipo-panel-MIXTA-MEDICAL-MPC3010.jpg 677w, https:\/\/mcg.com.ve\/staging\/6138\/wp-content\/uploads\/2026\/02\/Unidad-de-morgue-tipo-panel-MIXTA-MEDICAL-MPC3010-300x240.jpg 300w, https:\/\/mcg.com.ve\/staging\/6138\/wp-content\/uploads\/2026\/02\/Unidad-de-morgue-tipo-panel-MIXTA-MEDICAL-MPC3010-600x480.jpg 600w\" sizes=\"auto, (max-width: 677px) 100vw, 677px\" \/><\/a>            <\/div>\n            <div class=\"image-hover-wrap\">\n                <ul class=\"icons-wrap block-box-style\">\n                                                                <li class=\"eael-product-quick-view\">\n                            <a id=\"eael_quick_view_69ea4fa8e8f4d\" data-quickview-setting=\"{&quot;widget_id&quot;:&quot;d1e28e3&quot;,&quot;product_id&quot;:5343,&quot;page_id&quot;:6333}\"\n                                class=\"eael-product-gallery-open-popup open-popup-link\">\n                                <i class=\"fas fa-eye\"><\/i>\n                            <\/a>\n                        <\/li>\n                                                        <\/ul>\n            <\/div>\n        <\/div>\n        <div class=\"product-details-wrap\">\n            <div class=\"eael-product-price\"><\/div>            <div class=\"eael-product-title\">\n                <h2>Unidad de morgue tipo panel MIXTA MEDICAL  modelo MPC 3010<\/h2>            <\/div>\n        <\/div>\n            <\/div>\n<\/li><\/ul>            <div class=\"eael-load-more-button-wrap\">\n                <button class=\"hide-load-more eael-load-more-button\" id=\"eael-load-more-btn-d1e28e3\" data-widget-id=\"d1e28e3\" data-widget=\"d1e28e3\" data-page-id=\"6333\" data-template=\"{&quot;dir&quot;:&quot;lite&quot;,&quot;file_name&quot;:&quot;preset-2.php&quot;,&quot;name&quot;:&quot;Woo-Product-Gallery&quot;}\" data-class=\"Essential_Addons_Elementor\\Elements\\Woo_Product_Gallery\" data-layout=\"grid\" data-page=\"1\" data-args=\"post_type=product&amp;post_status%5B0%5D=publish&amp;post_status%5B1%5D=pending&amp;post_status%5B2%5D=future&amp;posts_per_page=10&amp;order=asc&amp;offset=0&amp;tax_query%5Brelation%5D=AND&amp;tax_query%5B0%5D%5Btaxonomy%5D=product_visibility&amp;tax_query%5B0%5D%5Bfield%5D=name&amp;tax_query%5B0%5D%5Bterms%5D%5B0%5D=exclude-from-search&amp;tax_query%5B0%5D%5Bterms%5D%5B1%5D=exclude-from-catalog&amp;tax_query%5B0%5D%5Boperator%5D=NOT+IN&amp;tax_query%5B1%5D%5Brelation%5D=OR&amp;tax_query%5B1%5D%5B0%5D%5Btaxonomy%5D=product_cat&amp;tax_query%5B1%5D%5B0%5D%5Bfield%5D=term_id&amp;tax_query%5B1%5D%5B0%5D%5Bterms%5D=68&amp;tax_query%5B1%5D%5B0%5D%5Boperator%5D=IN&amp;orderby=menu_order&amp;meta_query%5Brelation%5D=AND\" data-max-page=\"1\">\n                    <span class=\"eael-btn-loader button__loader\"><\/span>\n                    <span class=\"eael_load_more_text\">Cargar m\u00e1s<\/span>\n                <\/button>\n            <\/div>\n                        <\/div>\n        <\/div>\n        <script type=\"text\/javascript\">\n\t\t\tjQuery(document).ready(function ($) {\n\t\t\t\tvar $scope = jQuery(\".elementor-element-d1e28e3\");\n\t\t\t\tvar $products = $('.products', $scope);\n\t\t\t\tvar $layout_mode = $products.data('layout-mode');\n\n\t\t\t\tif ($layout_mode === 'masonry') {\n\t\t\t\t\t\/\/ init isotope\n\t\t\t\t\tvar $isotope_products = $products.isotope({ itemSelector: \"li.product\", layoutMode: $layout_mode, percentPosition: true });\n\t\t\t\t\t$isotope_products.imagesLoaded().progress(function () {\n\t\t\t\t\t\t$isotope_products.isotope('layout');\n\t\t\t\t\t})\n\n\t\t\t\t\t$(window).on('resize', function () {\n\t\t\t\t\t\t$isotope_products.isotope('layout');\n\t\t\t\t\t});\n\t\t\t\t}\n\t\t\t});\n        <\/script>\n\t\t\t\t\t\t<\/div>\n\t\t\t\t<\/div>\n\t\t\t\t\t<\/div>\n\t\t\t\t<\/div>\n\t\t\t\t<\/div>\n\t\t","protected":false},"excerpt":{"rendered":"<p>MORGUE QUIR\u00d3FANO EMERGENCIA UCI HOSPITALIZACI\u00d3N NEONATAL ESTERILIZACI\u00d3N UNIDOSIS CONSULTORIOS Carro funerario (cad\u00e1veres con tapa) MIXTA MEDICAL modelo MCTA 9011 Elevador de cad\u00e1veres (hidr\u00e1ulico) MIXTA MEDICAL modelo MKL 9002 Mesa de autopsia MIXTA MEDICAL modelo MOT 2010 Unidad de morgue tipo panel MIXTA MEDICAL modelo MPC 2010 Unidad de morgue tipo panel MIXTA MEDICAL modelo MPC [&hellip;]<\/p>\n","protected":false},"author":1,"featured_media":0,"parent":0,"menu_order":0,"comment_status":"closed","ping_status":"closed","template":"","meta":{"nf_dc_page":"","_eb_attr":"","footnotes":""},"class_list":["post-6333","page","type-page","status-publish","hentry"],"_links":{"self":[{"href":"https:\/\/mcg.com.ve\/staging\/6138\/wp-json\/wp\/v2\/pages\/6333","targetHints":{"allow":["GET"]}}],"collection":[{"href":"https:\/\/mcg.com.ve\/staging\/6138\/wp-json\/wp\/v2\/pages"}],"about":[{"href":"https:\/\/mcg.com.ve\/staging\/6138\/wp-json\/wp\/v2\/types\/page"}],"author":[{"embeddable":true,"href":"https:\/\/mcg.com.ve\/staging\/6138\/wp-json\/wp\/v2\/users\/1"}],"replies":[{"embeddable":true,"href":"https:\/\/mcg.com.ve\/staging\/6138\/wp-json\/wp\/v2\/comments?post=6333"}],"version-history":[{"count":0,"href":"https:\/\/mcg.com.ve\/staging\/6138\/wp-json\/wp\/v2\/pages\/6333\/revisions"}],"wp:attachment":[{"href":"https:\/\/mcg.com.ve\/staging\/6138\/wp-json\/wp\/v2\/media?parent=6333"}],"curies":[{"name":"wp","href":"https:\/\/api.w.org\/{rel}","templated":true}]}}